{"id":2398,"date":"2025-04-21T16:45:29","date_gmt":"2025-04-21T14:45:29","guid":{"rendered":"https:\/\/www.papapaul.at\/?page_id=2398"},"modified":"2025-04-22T16:57:56","modified_gmt":"2025-04-22T14:57:56","slug":"info","status":"publish","type":"page","link":"https:\/\/www.papapaul.at\/?page_id=2398","title":{"rendered":"INFO"},"content":{"rendered":"\n<p class=\"has-vivid-cyan-blue-color has-luminous-vivid-amber-background-color has-text-color has-background has-link-color wp-elements-02610319b667749313e04729dcf2a068\">Diese Seite ist ein privater Spielplatz, Erwachsene Haften f\u00fcr Minderj\u00e4hrige<\/p>\n\n\n\n<div class=\"wp-block-columns is-layout-flex wp-container-core-columns-is-layout-9d6595d7 wp-block-columns-is-layout-flex\">\n<div class=\"wp-block-column is-layout-flow wp-block-column-is-layout-flow\" style=\"flex-basis:100%\">\n<div class=\"wp-block-uagb-container uagb-block-2dd7da45 default uagb-is-root-container\">\n<div class=\"wp-block-uagb-container uagb-block-6ccd3dfa\">\n<p class=\"has-luminous-vivid-amber-color has-pale-cyan-blue-background-color has-text-color has-background has-link-color wp-elements-d8d089c085c458e600cbdc802a51f74b\"> Ich ersuche alle sch\u00f6n brav zu sein   thx<\/p>\n<\/div>\n<\/div>\n<\/div>\n<\/div>\n\n\n\n<div class=\"wp-block-columns is-layout-flex wp-container-core-columns-is-layout-9d6595d7 wp-block-columns-is-layout-flex\">\n<div class=\"wp-block-column is-layout-flow wp-block-column-is-layout-flow\"><\/div>\n\n\n\n<div class=\"wp-block-column is-layout-flow wp-block-column-is-layout-flow\"><\/div>\n<\/div>\n\n\n\n<div class=\"wp-block-uagb-countdown uagb-block-29fbe2fb\"><div class=\"wp-block-uagb-countdown__box wp-block-uagb-countdown__box-days\"><div role=\"timer\" aria-live=\"off\" class=\"wp-block-uagb-countdown__time wp-block-uagb-countdown__time-days\">&#8211;<\/div><div class=\"wp-block-uagb-countdown__label\">DAYS<\/div><\/div><div class=\"wp-block-uagb-countdown__box wp-block-uagb-countdown__box-hours\"><div role=\"timer\" aria-live=\"off\" class=\"wp-block-uagb-countdown__time wp-block-uagb-countdown__time-hours\">&#8211;<\/div><div class=\"wp-block-uagb-countdown__label\">HOURS<\/div><\/div><div class=\"wp-block-uagb-countdown__box wp-block-uagb-countdown__box-minutes\"><div role=\"timer\" aria-live=\"off\" class=\"wp-block-uagb-countdown__time wp-block-uagb-countdown__time-minutes\">&#8211;<\/div><div class=\"wp-block-uagb-countdown__label\">MINUTES<\/div><\/div><div class=\"wp-block-uagb-countdown__box wp-block-uagb-countdown__box-seconds\"><div role=\"timer\" aria-live=\"off\" class=\"wp-block-uagb-countdown__time wp-block-uagb-countdown__time-seconds\">&#8211;<\/div><div class=\"wp-block-uagb-countdown__label\">SECONDS<\/div><\/div><\/div>\n","protected":false},"excerpt":{"rendered":"<p>Diese Seite ist ein privater Spielplatz, Erwachsene Haften f\u00fcr Minderj\u00e4hrige Ich ersuche alle sch\u00f6n brav zu sein thx<\/p>\n","protected":false},"author":1,"featured_media":2195,"parent":0,"menu_order":0,"comment_status":"closed","ping_status":"closed","template":"","meta":{"om_disable_all_campaigns":false,"_uag_custom_page_level_css":"","_monsterinsights_skip_tracking":false,"_monsterinsights_sitenote_active":false,"_monsterinsights_sitenote_note":"","_monsterinsights_sitenote_category":0,"pgc_sgb_lightbox_settings":"","_kadence_starter_templates_imported_post":false,"footnotes":""},"class_list":["post-2398","page","type-page","status-publish","has-post-thumbnail","hentry"],"aioseo_notices":[],"uagb_featured_image_src":{"full":["https:\/\/www.papapaul.at\/wp-content\/uploads\/2025\/01\/IMG_E3751.jpg",1170,991,false],"thumbnail":["https:\/\/www.papapaul.at\/wp-content\/uploads\/2025\/01\/IMG_E3751-150x150.jpg",150,150,true],"medium":["https:\/\/www.papapaul.at\/wp-content\/uploads\/2025\/01\/IMG_E3751-300x254.jpg",300,254,true],"medium_large":["https:\/\/www.papapaul.at\/wp-content\/uploads\/2025\/01\/IMG_E3751-768x651.jpg",525,445,true],"large":["https:\/\/www.papapaul.at\/wp-content\/uploads\/2025\/01\/IMG_E3751-1024x867.jpg",525,445,true],"1536x1536":["https:\/\/www.papapaul.at\/wp-content\/uploads\/2025\/01\/IMG_E3751.jpg",1170,991,false],"2048x2048":["https:\/\/www.papapaul.at\/wp-content\/uploads\/2025\/01\/IMG_E3751.jpg",1170,991,false],"twentyseventeen-featured-image":["https:\/\/www.papapaul.at\/wp-content\/uploads\/2025\/01\/IMG_E3751.jpg",1170,991,false],"twentyseventeen-thumbnail-avatar":["https:\/\/www.papapaul.at\/wp-content\/uploads\/2025\/01\/IMG_E3751-100x100.jpg",100,100,true]},"uagb_author_info":{"display_name":"Happy Radio","author_link":"https:\/\/www.papapaul.at\/?author=1"},"uagb_comment_info":0,"uagb_excerpt":"Diese Seite ist ein privater Spielplatz, Erwachsene Haften f\u00fcr Minderj\u00e4hrige Ich ersuche alle sch\u00f6n brav zu sein thx","_links":{"self":[{"href":"https:\/\/www.papapaul.at\/index.php?rest_route=\/wp\/v2\/pages\/2398","targetHints":{"allow":["GET"]}}],"collection":[{"href":"https:\/\/www.papapaul.at\/index.php?rest_route=\/wp\/v2\/pages"}],"about":[{"href":"https:\/\/www.papapaul.at\/index.php?rest_route=\/wp\/v2\/types\/page"}],"author":[{"embeddable":true,"href":"https:\/\/www.papapaul.at\/index.php?rest_route=\/wp\/v2\/users\/1"}],"replies":[{"embeddable":true,"href":"https:\/\/www.papapaul.at\/index.php?rest_route=%2Fwp%2Fv2%2Fcomments&post=2398"}],"version-history":[{"count":4,"href":"https:\/\/www.papapaul.at\/index.php?rest_route=\/wp\/v2\/pages\/2398\/revisions"}],"predecessor-version":[{"id":2403,"href":"https:\/\/www.papapaul.at\/index.php?rest_route=\/wp\/v2\/pages\/2398\/revisions\/2403"}],"wp:featuredmedia":[{"embeddable":true,"href":"https:\/\/www.papapaul.at\/index.php?rest_route=\/wp\/v2\/media\/2195"}],"wp:attachment":[{"href":"https:\/\/www.papapaul.at\/index.php?rest_route=%2Fwp%2Fv2%2Fmedia&parent=2398"}],"curies":[{"name":"wp","href":"https:\/\/api.w.org\/{rel}","templated":true}]}}