{"id":2437,"date":"2025-12-10T15:36:10","date_gmt":"2025-12-10T14:36:10","guid":{"rendered":"https:\/\/www.papapaul.at\/?page_id=2437"},"modified":"2026-02-19T11:10:48","modified_gmt":"2026-02-19T10:10:48","slug":"der-journalist","status":"publish","type":"page","link":"https:\/\/www.papapaul.at\/?page_id=2437","title":{"rendered":"DER JOURNALIST"},"content":{"rendered":"\n<p class=\"has-white-color has-vivid-red-background-color has-text-color has-background has-link-color has-medium-font-size wp-elements-360f309699c5b0c2844e7343465329d8\"><strong>ppaul   ist ein junger Journalist  am Beginn seiner Laufbahn <\/strong><\/p>\n\n\n\n<p class=\"has-medium-font-size\"><strong>und der ab sofort hier neue Musikwerke aufmerksam h\u00f6ren und bewerten wird. So weit wie m\u00f6glich Objektiv und seri\u00f6s. Meine Skala beginnt bei: <\/strong><\/p>\n\n\n\n<p class=\"has-vivid-red-color has-text-color has-link-color wp-elements-ba46108adbb100e86b59aba6dd2a7388\"><strong>+ <em>absolut schlecht, f\u00fcr den M\u00fcll <\/em> <\/strong><\/p>\n\n\n\n<p><strong>++ <em>schlecht nicht zu empfehlen<\/em>, <\/strong><\/p>\n\n\n\n<p class=\"has-vivid-red-color has-text-color has-link-color wp-elements-39bb2ba67337b99de36b6668480543ec\"><strong>+++ <em>Mittelma\u00df weder Fisch noch Fleisch<\/em>, <\/strong><\/p>\n\n\n\n<p><strong>++++ <em>h\u00f6renswert und eine Kaufempfehlung<\/em>, <\/strong><\/p>\n\n\n\n<p class=\"has-vivid-red-color has-text-color has-link-color wp-elements-89bcdab640be625640de2d2aa2e675f8\"><strong>+++++ <em>muss man unbedingt geh\u00f6rt haben oder darf in keiner Sammlung  fehlen.<\/em><\/strong><\/p>\n\n\n\n<div class=\"wp-block-media-text is-stacked-on-mobile\" style=\"grid-template-columns:29% auto\"><figure class=\"wp-block-media-text__media\"><img loading=\"lazy\" decoding=\"async\" width=\"1024\" height=\"1015\" src=\"https:\/\/www.papapaul.at\/wp-content\/uploads\/2026\/02\/917IHFwZXHL._SL1429_-1024x1015.jpg\" alt=\"\" class=\"wp-image-2515 size-full\" srcset=\"https:\/\/www.papapaul.at\/wp-content\/uploads\/2026\/02\/917IHFwZXHL._SL1429_-1024x1015.jpg 1024w, https:\/\/www.papapaul.at\/wp-content\/uploads\/2026\/02\/917IHFwZXHL._SL1429_-300x297.jpg 300w, https:\/\/www.papapaul.at\/wp-content\/uploads\/2026\/02\/917IHFwZXHL._SL1429_-150x150.jpg 150w, https:\/\/www.papapaul.at\/wp-content\/uploads\/2026\/02\/917IHFwZXHL._SL1429_-768x762.jpg 768w, https:\/\/www.papapaul.at\/wp-content\/uploads\/2026\/02\/917IHFwZXHL._SL1429_-100x100.jpg 100w, https:\/\/www.papapaul.at\/wp-content\/uploads\/2026\/02\/917IHFwZXHL._SL1429_.jpg 1429w\" sizes=\"auto, (max-width: 767px) 89vw, (max-width: 1000px) 54vw, (max-width: 1071px) 543px, 580px\" \/><\/figure><div class=\"wp-block-media-text__content\">\n<p><strong>Hier ist sie die erste Neuerscheinung 2026 von der erfolgreichen Musik Sammlung. Wo BRAVO draufsteht sind auch jede Menge aktuelle Hits dabei. 48 Nummern von allen aktuellen Charts. Wenn man up to date sein will sollte man zuschlagen und sich durchh\u00f6ren. Bei Nummer 132 fehlt es an nichts. Eine gelungene Zusammenstellung von guter Musik. ++++<\/strong><\/p>\n<\/div><\/div>\n\n\n\n<div class=\"wp-block-media-text is-stacked-on-mobile\" style=\"grid-template-columns:29% auto\"><figure class=\"wp-block-media-text__media\"><img loading=\"lazy\" decoding=\"async\" width=\"300\" height=\"297\" src=\"https:\/\/www.papapaul.at\/wp-content\/uploads\/2026\/02\/OIP-2.webp\" alt=\"\" class=\"wp-image-2495 size-full\" srcset=\"https:\/\/www.papapaul.at\/wp-content\/uploads\/2026\/02\/OIP-2.webp 300w, https:\/\/www.papapaul.at\/wp-content\/uploads\/2026\/02\/OIP-2-150x150.webp 150w, https:\/\/www.papapaul.at\/wp-content\/uploads\/2026\/02\/OIP-2-100x100.webp 100w\" sizes=\"auto, (max-width: 300px) 100vw, 300px\" \/><\/figure><div class=\"wp-block-media-text__content\">\n<p><strong>Ja das soll es dann auch gewesen sein. Zeitgleich mit dem Start Ihrer Abschiedstournee erschien auch das Doppelalbum FLUTLICHT, Wahnsinnig Edition. 25 Songs ganz im Michelle Sound. Da ist alles mit dabei das ein wahrer Fan h\u00f6ren will. Ich habe keinen Favoriten oder Ohrwurm geh\u00f6rt. F\u00fcr alle eingefleischten Fans ein sch\u00f6ner Abschluss. ( so es  wirklich einer ist). F\u00fcr mich hat Michelle in Ihrer Karriere schon bessere Titel ver\u00f6ffentlicht. Ein best of h\u00e4tte es auch getan, vielleicht kommt es ja noch.  +++<\/strong><\/p>\n<\/div><\/div>\n\n\n\n<div class=\"wp-block-media-text is-stacked-on-mobile\" style=\"grid-template-columns:29% auto\"><figure class=\"wp-block-media-text__media\"><img loading=\"lazy\" decoding=\"async\" width=\"1024\" height=\"1024\" src=\"https:\/\/www.papapaul.at\/wp-content\/uploads\/2026\/01\/IMG_6040-1024x1024.jpeg\" alt=\"\" class=\"wp-image-2485 size-full\" srcset=\"https:\/\/www.papapaul.at\/wp-content\/uploads\/2026\/01\/IMG_6040-1024x1024.jpeg 1024w, https:\/\/www.papapaul.at\/wp-content\/uploads\/2026\/01\/IMG_6040-300x300.jpeg 300w, https:\/\/www.papapaul.at\/wp-content\/uploads\/2026\/01\/IMG_6040-150x150.jpeg 150w, https:\/\/www.papapaul.at\/wp-content\/uploads\/2026\/01\/IMG_6040-768x768.jpeg 768w, https:\/\/www.papapaul.at\/wp-content\/uploads\/2026\/01\/IMG_6040-100x100.jpeg 100w, https:\/\/www.papapaul.at\/wp-content\/uploads\/2026\/01\/IMG_6040.jpeg 1200w\" sizes=\"auto, (max-width: 767px) 89vw, (max-width: 1000px) 54vw, (max-width: 1071px) 543px, 580px\" \/><\/figure><div class=\"wp-block-media-text__content\">\n<p><strong>BRAVO HITS 2025, der Titel sagt schon alles. Alle K\u00fcnstlerinnen und K\u00fcnstler die international 2025 erfolgreich waren sind auf diesem Sampler vertreten. Wenn man up to date sein will ist dieses Doppelalbum ein unbedingtes must have. 48 Hits aus dem Jahr 2025 , jeder einzelne ein Ohrwurm. Sollte in keiner Sammlung fehlen. Absolute Kaufempfehlung +++++ <\/strong><\/p>\n<\/div><\/div>\n\n\n\n<div class=\"wp-block-media-text is-stacked-on-mobile\" style=\"grid-template-columns:29% auto\"><figure class=\"wp-block-media-text__media\"><img loading=\"lazy\" decoding=\"async\" width=\"1015\" height=\"1024\" src=\"https:\/\/www.papapaul.at\/wp-content\/uploads\/2026\/01\/IMG_5982-1015x1024.jpeg\" alt=\"\" class=\"wp-image-2477 size-full\"\/><\/figure><div class=\"wp-block-media-text__content\">\n<p><strong>Zum ersten mal habe ich mir eine Neujahres Produktion von den Wiener Philharmonikern geleistet. Ausschlaggebend daf\u00fcr war der diesj\u00e4hrige Dirigent Yannick Nezet-Seguin. Ich habe es am 1.1.2026 live im Fernsehen gesehen und war begeistert. Alle Nummern auf der Doppel Cd eignen sich wunderbar um zur Ruhe zu kommen und abzuschalten. Ich habe sie auf Autofahrten geh\u00f6rt und konnte es genie\u00dfen. Es ist auf jeden Fall eine Bereicherung in meiner Sammlung. ++++<\/strong><\/p>\n<\/div><\/div>\n\n\n\n<div class=\"wp-block-media-text is-stacked-on-mobile\" style=\"grid-template-columns:39% auto\"><figure class=\"wp-block-media-text__media\"><img loading=\"lazy\" decoding=\"async\" width=\"1024\" height=\"1024\" src=\"https:\/\/www.papapaul.at\/wp-content\/uploads\/2025\/12\/CD_3-1024x1024.webp\" alt=\"\" class=\"wp-image-2463 size-full\"\/><\/figure><div class=\"wp-block-media-text__content\">\n<p><em><strong>Roland Kaiser hat es jetzt geschafft um sein Lebenswerk bei einem Stadion Live Konzert auf Vinyl, doppel Cd sowie auf Dvd in Bild und Ton festzuhalten. Alle Fans die beim Konzert dabei waren ein unbedingtes Must have als Erinnerung an einen wunderbaren Abend. Fans von RK die nicht dabei waren k\u00f6nnen alle seine Hits aus 50 Jahren in bester Qualit\u00e4t nachh\u00f6ren und mitsingen. Das vorliegende Werk ist ohne Zweifel ein St\u00fcck Musikgeschichte im deutschen Schlager der Luxusklasse. 120 Minuten Musikgenuss und man kann fast jeden Titel problemlos mitsingen. Die Lieder von RK haben uns doch alle irgendwann einmal durchs Leben begleitet. Daher auch f\u00fcr keine Fans von RK eine Kaufempfehlung von mir. <strong>++++<\/strong><\/strong><\/em><\/p>\n<\/div><\/div>\n\n\n\n<div class=\"wp-block-media-text is-stacked-on-mobile\" style=\"grid-template-columns:39% auto\"><figure class=\"wp-block-media-text__media\"><img decoding=\"async\" src=\"https:\/\/www.papapaul.at\/wp-content\/uploads\/2025\/12\/IMG_5765-1.jpeg\" alt=\"\"\/><\/figure><div class=\"wp-block-media-text__content\">\n<p><strong>Howard Carpendale hat es getan und ein Weihnachtsalbum auf den Markt gebracht und das gleich als doppel Cd. 27 Titel umfasst das Werk. Ein sch\u00f6nes Weihnachtsgeschenk an alle Fans von Howi. Zum gem\u00fctlichen zuh\u00f6ren bestens geeignet da Howi auch viel spricht zu seinen Fans und mehrere Titel doppelt vorhanden sind, die sich nur durch verschiedene Versionen unterscheiden. Also zusammengefasst f\u00fcr eine Autofahrt oder einsame Stunden alleine zu Hause geeignet, f\u00fcr den Heiligen Abend mit Familie eher nicht. +++<\/strong><\/p>\n<\/div><\/div>\n\n\n\n<p class=\"has-black-color has-text-color has-link-color wp-elements-9ac00cf961d1ea846fe5a532228b76c6\"><\/p>\n","protected":false},"excerpt":{"rendered":"<p>ppaul ist ein junger Journalist am Beginn seiner Laufbahn und der ab sofort hier neue Musikwerke aufmerksam h\u00f6ren und bewerten wird. So weit wie m\u00f6glich Objektiv und seri\u00f6s. Meine Skala beginnt bei: + absolut schlecht, f\u00fcr den M\u00fcll ++ schlecht nicht zu empfehlen, +++ Mittelma\u00df weder Fisch noch Fleisch, ++++ h\u00f6renswert und eine Kaufempfehlung, +++++ &hellip; <\/p>\n<p class=\"link-more\"><a href=\"https:\/\/www.papapaul.at\/?page_id=2437\" class=\"more-link\"><span class=\"screen-reader-text\">\u201eDER JOURNALIST\u201c <\/span>weiterlesen<\/a><\/p>\n","protected":false},"author":1,"featured_media":0,"parent":0,"menu_order":0,"comment_status":"closed","ping_status":"closed","template":"","meta":{"om_disable_all_campaigns":false,"_uag_custom_page_level_css":"","_monsterinsights_skip_tracking":false,"_monsterinsights_sitenote_active":false,"_monsterinsights_sitenote_note":"","_monsterinsights_sitenote_category":0,"pgc_sgb_lightbox_settings":"","_kadence_starter_templates_imported_post":false,"footnotes":""},"class_list":["post-2437","page","type-page","status-publish","hentry"],"aioseo_notices":[],"uagb_featured_image_src":{"full":false,"thumbnail":false,"medium":false,"medium_large":false,"large":false,"1536x1536":false,"2048x2048":false,"twentyseventeen-featured-image":false,"twentyseventeen-thumbnail-avatar":false},"uagb_author_info":{"display_name":"Happy Radio","author_link":"https:\/\/www.papapaul.at\/?author=1"},"uagb_comment_info":0,"uagb_excerpt":"ppaul ist ein junger Journalist am Beginn seiner Laufbahn und der ab sofort hier neue Musikwerke aufmerksam h\u00f6ren und bewerten wird. So weit wie m\u00f6glich Objektiv und seri\u00f6s. Meine Skala beginnt bei: + absolut schlecht, f\u00fcr den M\u00fcll ++ schlecht nicht zu empfehlen, +++ Mittelma\u00df weder Fisch noch Fleisch, ++++ h\u00f6renswert und eine Kaufempfehlung, +++++&hellip;","_links":{"self":[{"href":"https:\/\/www.papapaul.at\/index.php?rest_route=\/wp\/v2\/pages\/2437","targetHints":{"allow":["GET"]}}],"collection":[{"href":"https:\/\/www.papapaul.at\/index.php?rest_route=\/wp\/v2\/pages"}],"about":[{"href":"https:\/\/www.papapaul.at\/index.php?rest_route=\/wp\/v2\/types\/page"}],"author":[{"embeddable":true,"href":"https:\/\/www.papapaul.at\/index.php?rest_route=\/wp\/v2\/users\/1"}],"replies":[{"embeddable":true,"href":"https:\/\/www.papapaul.at\/index.php?rest_route=%2Fwp%2Fv2%2Fcomments&post=2437"}],"version-history":[{"count":33,"href":"https:\/\/www.papapaul.at\/index.php?rest_route=\/wp\/v2\/pages\/2437\/revisions"}],"predecessor-version":[{"id":2517,"href":"https:\/\/www.papapaul.at\/index.php?rest_route=\/wp\/v2\/pages\/2437\/revisions\/2517"}],"wp:attachment":[{"href":"https:\/\/www.papapaul.at\/index.php?rest_route=%2Fwp%2Fv2%2Fmedia&parent=2437"}],"curies":[{"name":"wp","href":"https:\/\/api.w.org\/{rel}","templated":true}]}}